{"id":1574,"date":"2024-04-26T23:15:01","date_gmt":"2024-04-26T21:15:01","guid":{"rendered":"https:\/\/tg1860.de\/volleyball\/?page_id=1574"},"modified":"2026-01-07T05:13:10","modified_gmt":"2026-01-07T04:13:10","slug":"impressum-2","status":"publish","type":"page","link":"https:\/\/tg1860.de\/volleyball\/impressum-2\/","title":{"rendered":"Impressum"},"content":{"rendered":"\t\t<div data-elementor-type=\"wp-page\" data-elementor-id=\"1574\" class=\"elementor elementor-1574\" data-elementor-post-type=\"page\">\n\t\t\t\t<div class=\"elementor-element elementor-element-9c47e66 e-con-full e-flex e-con e-parent\" data-id=\"9c47e66\" data-element_type=\"container\" data-e-type=\"container\">\n\t\t\t\t<div class=\"elementor-element elementor-element-8849682 elementor-widget elementor-widget-text-editor\" data-id=\"8849682\" data-element_type=\"widget\" data-e-type=\"widget\" data-widget_type=\"text-editor.default\">\n\t\t\t\t<div class=\"elementor-widget-container\">\n\t\t\t\t\t\t\t\t\t<p><\/p>\n<header class=\"page-header\">\n<h1 class=\"entry-title\">Impressum<\/h1>\n<\/header>\n<div class=\"page-content\">\n<p><strong>TG 1860 M\u00fcnden e.V.<\/strong><br>Lange Str. 14, 34346 Hann. M\u00fcnden<\/p>\n<p><strong>Kontakt<\/strong><br>\u00d6ffnungszeit: Montags 16:00 &#8211; 17:00 Uhr<br>Tel. 05541\/1860<br>E-Mail:&nbsp;<a href=\"mailto:info@tg1860.de\">info@tg1860.de<\/a><\/p>\n<p>Amtsgericht G\u00f6ttingen VR 160085<\/p>\n<p>Vorstand: Thomas Scheffler, Martin Gronemann, Reiner Schmitz<\/p>\n<p>Abteilungsleitung Volleyball: Stefanie Stracke (<a href=\"mailto:Stefanie_Stracke@yahoo.de\">Stefanie_Stracke@yahoo.de<\/a>)<\/p>\n<div class=\"post-tags\">&nbsp;<\/div>\n<\/div>\t\t\t\t\t\t\t\t<\/div>\n\t\t\t\t<\/div>\n\t\t\t\t<\/div>\n\t\t\t\t<\/div>\n\t\t","protected":false},"excerpt":{"rendered":"<p>Impressum TG 1860 M\u00fcnden e.V.Lange Str. 14, 34346 Hann. M\u00fcnden Kontakt\u00d6ffnungszeit: Montags 16:00 &#8211; 17:00 UhrTel. 05541\/1860E-Mail:&nbsp;info@tg1860.de Amtsgericht G\u00f6ttingen VR 160085 Vorstand: Thomas Scheffler, Martin Gronemann, Reiner Schmitz Abteilungsleitung Volleyball: Stefanie Stracke (Stefanie_Stracke@yahoo.de) &nbsp;<\/p>\n","protected":false},"author":5,"featured_media":0,"parent":0,"menu_order":0,"comment_status":"closed","ping_status":"closed","template":"elementor_header_footer","meta":{"footnotes":""},"class_list":["post-1574","page","type-page","status-publish","hentry"],"_links":{"self":[{"href":"https:\/\/tg1860.de\/volleyball\/wp-json\/wp\/v2\/pages\/1574","targetHints":{"allow":["GET"]}}],"collection":[{"href":"https:\/\/tg1860.de\/volleyball\/wp-json\/wp\/v2\/pages"}],"about":[{"href":"https:\/\/tg1860.de\/volleyball\/wp-json\/wp\/v2\/types\/page"}],"author":[{"embeddable":true,"href":"https:\/\/tg1860.de\/volleyball\/wp-json\/wp\/v2\/users\/5"}],"replies":[{"embeddable":true,"href":"https:\/\/tg1860.de\/volleyball\/wp-json\/wp\/v2\/comments?post=1574"}],"version-history":[{"count":22,"href":"https:\/\/tg1860.de\/volleyball\/wp-json\/wp\/v2\/pages\/1574\/revisions"}],"predecessor-version":[{"id":1963,"href":"https:\/\/tg1860.de\/volleyball\/wp-json\/wp\/v2\/pages\/1574\/revisions\/1963"}],"wp:attachment":[{"href":"https:\/\/tg1860.de\/volleyball\/wp-json\/wp\/v2\/media?parent=1574"}],"curies":[{"name":"wp","href":"https:\/\/api.w.org\/{rel}","templated":true}]}}