{"id":1264,"date":"2024-04-26T18:57:04","date_gmt":"2024-04-26T16:57:04","guid":{"rendered":"https:\/\/tg1860.de\/volleyball\/?page_id=1264"},"modified":"2024-05-16T23:07:09","modified_gmt":"2024-05-16T21:07:09","slug":"willkommen","status":"publish","type":"page","link":"https:\/\/tg1860.de\/volleyball\/","title":{"rendered":"Willkommen"},"content":{"rendered":"\t\t<div data-elementor-type=\"wp-page\" data-elementor-id=\"1264\" class=\"elementor elementor-1264\" data-elementor-post-type=\"page\">\n\t\t\t\t<div class=\"elementor-element elementor-element-86aadbe e-con-full elementor-hidden-tablet elementor-hidden-mobile e-flex e-con e-parent\" data-id=\"86aadbe\" data-element_type=\"container\" data-e-type=\"container\" data-settings=\"{&quot;background_background&quot;:&quot;classic&quot;}\">\n\t\t\t\t<div class=\"elementor-element elementor-element-2f449da elementor-widget__width-inherit elementor-widget elementor-widget-heading\" data-id=\"2f449da\" data-element_type=\"widget\" data-e-type=\"widget\" data-widget_type=\"heading.default\">\n\t\t\t\t<div class=\"elementor-widget-container\">\n\t\t\t\t\t<h2 class=\"elementor-heading-title elementor-size-default\">TG M\u00dcNDEN<\/h2>\t\t\t\t<\/div>\n\t\t\t\t<\/div>\n\t\t\t\t<div class=\"elementor-element elementor-element-ab3d4d7 elementor-widget__width-inherit elementor-widget elementor-widget-heading\" data-id=\"ab3d4d7\" data-element_type=\"widget\" data-e-type=\"widget\" data-widget_type=\"heading.default\">\n\t\t\t\t<div class=\"elementor-widget-container\">\n\t\t\t\t\t<h2 class=\"elementor-heading-title elementor-size-default\">VOLLEYBALL<\/h2>\t\t\t\t<\/div>\n\t\t\t\t<\/div>\n\t\t\t\t<\/div>\n\t\t<div class=\"elementor-element elementor-element-9aab761 e-con-full e-flex e-con e-parent\" data-id=\"9aab761\" data-element_type=\"container\" data-e-type=\"container\">\n\t\t<div class=\"elementor-element elementor-element-1352648 e-con-full e-flex e-con e-child\" data-id=\"1352648\" data-element_type=\"container\" data-e-type=\"container\">\n\t\t\t\t<div class=\"elementor-element elementor-element-2848c1d elementor-invisible elementor-widget elementor-widget-heading\" data-id=\"2848c1d\" data-element_type=\"widget\" data-e-type=\"widget\" data-settings=\"{&quot;_animation&quot;:&quot;fadeInLeft&quot;}\" data-widget_type=\"heading.default\">\n\t\t\t\t<div class=\"elementor-widget-container\">\n\t\t\t\t\t<h2 class=\"elementor-heading-title elementor-size-default\">Willkommen<\/h2>\t\t\t\t<\/div>\n\t\t\t\t<\/div>\n\t\t\t\t<\/div>\n\t\t<div class=\"elementor-element elementor-element-32ebd79 e-con-full e-flex e-con e-child\" data-id=\"32ebd79\" data-element_type=\"container\" data-e-type=\"container\">\n\t\t\t\t<div class=\"elementor-element elementor-element-be3d627 elementor-invisible elementor-widget elementor-widget-image\" data-id=\"be3d627\" data-element_type=\"widget\" data-e-type=\"widget\" data-settings=\"{&quot;_animation&quot;:&quot;fadeInUp&quot;}\" data-widget_type=\"image.default\">\n\t\t\t\t<div class=\"elementor-widget-container\">\n\t\t\t\t\t\t\t\t\t\t\t\t\t\t\t<img decoding=\"async\" width=\"300\" height=\"300\" src=\"https:\/\/tg1860.de\/volleyball\/wp-content\/uploads\/2019\/08\/cropped-TG1860-300x300.png\" class=\"attachment-medium size-medium wp-image-419\" alt=\"\" srcset=\"https:\/\/tg1860.de\/volleyball\/wp-content\/uploads\/2019\/08\/cropped-TG1860-300x300.png 300w, https:\/\/tg1860.de\/volleyball\/wp-content\/uploads\/2019\/08\/cropped-TG1860-150x150.png 150w, https:\/\/tg1860.de\/volleyball\/wp-content\/uploads\/2019\/08\/cropped-TG1860-75x75.png 75w, https:\/\/tg1860.de\/volleyball\/wp-content\/uploads\/2019\/08\/elementor\/thumbs\/cropped-TG1860-obyyqd9btryk95kxpqfeuls40ojze4e7cd2sndc3ak.png 30w, https:\/\/tg1860.de\/volleyball\/wp-content\/uploads\/2019\/08\/elementor\/thumbs\/cropped-TG1860-obyyqd9c2jpukr7oliln9tjs85eb4h1cipztvnfjas.png 50w, https:\/\/tg1860.de\/volleyball\/wp-content\/uploads\/2019\/08\/elementor\/thumbs\/cropped-TG1860-obyyqd9bn753igcvjwaqj6ycv2x8lcwugle0q5riae.png 15w, https:\/\/tg1860.de\/volleyball\/wp-content\/uploads\/2019\/08\/cropped-TG1860.png 427w\" sizes=\"(max-width: 300px) 100vw, 300px\" \/>\t\t\t\t\t\t\t\t\t\t\t\t\t\t\t<\/div>\n\t\t\t\t<\/div>\n\t\t\t\t<\/div>\n\t\t<div class=\"elementor-element elementor-element-60bfb0b e-con-full e-flex e-con e-child\" data-id=\"60bfb0b\" data-element_type=\"container\" data-e-type=\"container\">\n\t\t\t\t<div class=\"elementor-element elementor-element-775ebb9 elementor-invisible elementor-widget elementor-widget-text-editor\" data-id=\"775ebb9\" data-element_type=\"widget\" data-e-type=\"widget\" data-settings=\"{&quot;_animation&quot;:&quot;fadeInRight&quot;}\" data-widget_type=\"text-editor.default\">\n\t\t\t\t<div class=\"elementor-widget-container\">\n\t\t\t\t\t\t\t\t\t<p>Wir freuen uns sehr, dass Du den Weg zu uns gefunden hast!<\/p><p>Wir, das sind zur Zeit zwei Damen-, zwei Herren- und eine Jugendmannschaft, welche mit Leidenschaft und Spa\u00df am Sport Volleyball spielen.<\/p><blockquote class=\"wp-block-quote is-layout-flow wp-block-quote-is-layout-flow\"><p>\u201eVolleyball (\u2026) der gegen jede physikalische Vernunft anstinkende Versuch einen simplen, aufgeblasenen Lederfetzen daran zu hindern, den Gesetzen der Erdanziehungskraft zu gehorchen, um im n\u00e4chsten Augenblick genau das Gegenteil forciert und mit aller Gewalt erreichen zu wollen\u201c<\/p><p><cite>Flink 1994<\/cite><\/p><\/blockquote><p>Auf unserer Homepage stellen wir Dir alle Mannschaften Erfolge und Aktivit\u00e4ten. Neben unserer Homepage kannst Du uns auf Facebook oder Instagram finden.<\/p><p>Wir haben Dein Interesse geweckt und Du m\u00f6chtest Dich \u00fcber uns informieren bzw. Dich uns anschlie\u00dfen?<\/p><p>Dann melde Dich bei uns. Die Kontaktdaten unserer Trainer\/-innen findest Du unter:\u00a0<a href=\"https:\/\/tg1860.de\/volleyball\/unsere-mannschaften\/\">Unsere Mannschaften <\/a>.<\/p><p>Wir freuen uns darauf, Dich kennenzulernen! \ud83d\ude42<\/p>\t\t\t\t\t\t\t\t<\/div>\n\t\t\t\t<\/div>\n\t\t\t\t<\/div>\n\t\t\t\t<\/div>\n\t\t<div class=\"elementor-element elementor-element-4c46cf8 e-con-full e-flex e-con e-parent\" data-id=\"4c46cf8\" data-element_type=\"container\" data-e-type=\"container\" data-settings=\"{&quot;background_background&quot;:&quot;classic&quot;}\">\n\t\t\t\t<div class=\"elementor-element elementor-element-ce0ab21 elementor-widget__width-inherit elementor-hidden-tablet elementor-hidden-mobile elementor-widget elementor-widget-heading\" data-id=\"ce0ab21\" data-element_type=\"widget\" data-e-type=\"widget\" data-widget_type=\"heading.default\">\n\t\t\t\t<div class=\"elementor-widget-container\">\n\t\t\t\t\t<h2 class=\"elementor-heading-title elementor-size-default\">Spa\u00df<\/h2>\t\t\t\t<\/div>\n\t\t\t\t<\/div>\n\t\t\t\t<div class=\"elementor-element elementor-element-9c84d6b elementor-widget__width-inherit elementor-hidden-tablet elementor-hidden-mobile elementor-widget elementor-widget-heading\" data-id=\"9c84d6b\" data-element_type=\"widget\" data-e-type=\"widget\" data-widget_type=\"heading.default\">\n\t\t\t\t<div class=\"elementor-widget-container\">\n\t\t\t\t\t<h2 class=\"elementor-heading-title elementor-size-default\">am<\/h2>\t\t\t\t<\/div>\n\t\t\t\t<\/div>\n\t\t\t\t<div class=\"elementor-element elementor-element-50a867a elementor-widget__width-inherit elementor-hidden-tablet elementor-hidden-mobile elementor-widget elementor-widget-heading\" data-id=\"50a867a\" data-element_type=\"widget\" data-e-type=\"widget\" data-widget_type=\"heading.default\">\n\t\t\t\t<div class=\"elementor-widget-container\">\n\t\t\t\t\t<h2 class=\"elementor-heading-title elementor-size-default\">Sport<\/h2>\t\t\t\t<\/div>\n\t\t\t\t<\/div>\n\t\t\t\t<\/div>\n\t\t<div class=\"elementor-element elementor-element-0e1346a e-con-full e-flex e-con e-parent\" data-id=\"0e1346a\" data-element_type=\"container\" data-e-type=\"container\">\n\t\t<div class=\"elementor-element elementor-element-1d4c89f e-con-full e-flex e-con e-child\" data-id=\"1d4c89f\" data-element_type=\"container\" data-e-type=\"container\">\n\t\t\t\t<div class=\"elementor-element elementor-element-349ab64 elementor-invisible elementor-widget elementor-widget-heading\" data-id=\"349ab64\" data-element_type=\"widget\" data-e-type=\"widget\" data-settings=\"{&quot;_animation&quot;:&quot;fadeInLeft&quot;}\" data-widget_type=\"heading.default\">\n\t\t\t\t<div class=\"elementor-widget-container\">\n\t\t\t\t\t<h2 class=\"elementor-heading-title elementor-size-default\">Aktuelle Nachrichten<\/h2>\t\t\t\t<\/div>\n\t\t\t\t<\/div>\n\t\t\t\t<\/div>\n\t\t<div class=\"elementor-element elementor-element-21e6c21 e-con-full e-flex e-con e-child\" data-id=\"21e6c21\" data-element_type=\"container\" data-e-type=\"container\">\n\t\t\t\t<div class=\"elementor-element elementor-element-8ad7453 elementor-invisible elementor-widget elementor-widget-image\" data-id=\"8ad7453\" data-element_type=\"widget\" data-e-type=\"widget\" data-settings=\"{&quot;_animation&quot;:&quot;fadeInUp&quot;}\" data-widget_type=\"image.default\">\n\t\t\t\t<div class=\"elementor-widget-container\">\n\t\t\t\t\t\t\t\t\t\t\t\t\t\t\t<img decoding=\"async\" width=\"300\" height=\"300\" src=\"https:\/\/tg1860.de\/volleyball\/wp-content\/uploads\/2024\/04\/sun-8553511_1280-300x300.jpg\" class=\"attachment-medium size-medium wp-image-1427\" alt=\"\" srcset=\"https:\/\/tg1860.de\/volleyball\/wp-content\/uploads\/2024\/04\/sun-8553511_1280-300x300.jpg 300w, https:\/\/tg1860.de\/volleyball\/wp-content\/uploads\/2024\/04\/sun-8553511_1280-1024x1024.jpg 1024w, https:\/\/tg1860.de\/volleyball\/wp-content\/uploads\/2024\/04\/sun-8553511_1280-150x150.jpg 150w, https:\/\/tg1860.de\/volleyball\/wp-content\/uploads\/2024\/04\/sun-8553511_1280-768x768.jpg 768w, https:\/\/tg1860.de\/volleyball\/wp-content\/uploads\/2024\/04\/sun-8553511_1280.jpg 1280w\" sizes=\"(max-width: 300px) 100vw, 300px\" \/>\t\t\t\t\t\t\t\t\t\t\t\t\t\t\t<\/div>\n\t\t\t\t<\/div>\n\t\t\t\t<\/div>\n\t\t<div class=\"elementor-element elementor-element-5317cdf e-con-full e-flex e-con e-child\" data-id=\"5317cdf\" data-element_type=\"container\" data-e-type=\"container\">\n\t\t\t\t<div class=\"elementor-element elementor-element-1d1d991 elementor-invisible elementor-widget elementor-widget-text-editor\" data-id=\"1d1d991\" data-element_type=\"widget\" data-e-type=\"widget\" data-settings=\"{&quot;_animation&quot;:&quot;fadeInRight&quot;}\" data-widget_type=\"text-editor.default\">\n\t\t\t\t<div class=\"elementor-widget-container\">\n\t\t\t\t\t\t\t\t\t<p>Mit Freude k\u00f6nnen wir euch mitteilen, dass unsere Webseite eine General\u00fcberholung genossen hat. Lange Zeit war auf dieser Webpage nichts passiert und sie hatte schon ein wenig Staub angesetzt, doch jetzt ist sie mit neuem Look wieder am Start. Wir hoffen nat\u00fcrlich euch gef\u00e4llt sie.<\/p>\n<p>Wir versuchen hier in Zukunft euch \u00fcber die neusten Nachrichten der Sparte, der Mannschaften und unserer Events am Laufen zu halten. F\u00fcr brandneue Informationen besucht doch gerne unsere Social Media Seiten.<\/p>\n<p>Hoffentlich auf bald in der Halle oder im Web \ud83d\ude09<\/p>\n<p><a href=\"https:\/\/www.instagram.com\/tgmuenden_volleyball\/\">Instagram<\/a><\/p>\t\t\t\t\t\t\t\t<\/div>\n\t\t\t\t<\/div>\n\t\t\t\t<\/div>\n\t\t\t\t<\/div>\n\t\t<div class=\"elementor-element elementor-element-eb75c56 e-con-full e-flex e-con e-parent\" data-id=\"eb75c56\" data-element_type=\"container\" data-e-type=\"container\">\n\t\t<div class=\"elementor-element elementor-element-25a0032 e-con-full e-flex e-con e-child\" data-id=\"25a0032\" data-element_type=\"container\" data-e-type=\"container\">\n\t\t\t\t<div class=\"elementor-element elementor-element-517a0e5 elementor-widget elementor-widget-posts\" data-id=\"517a0e5\" data-element_type=\"widget\" data-e-type=\"widget\" data-settings=\"{&quot;full_content_row_gap&quot;:{&quot;unit&quot;:&quot;px&quot;,&quot;size&quot;:40,&quot;sizes&quot;:[]}}\" data-widget_type=\"posts.full_content\">\n\t\t\t\t<div class=\"elementor-widget-container\">\n\t\t\t\t\t\t\t<div class=\"elementor-posts-container elementor-posts elementor-posts--skin-full_content elementor-grid\">\n\t\t\t\t<article class=\"elementor-post elementor-grid-item post-1902 post type-post status-publish format-standard hentry category-allgemein\">\n\t\t\t\t<div class=\"elementor-post__text\">\n\t\t\t\t<h3 class=\"elementor-post__title\">\n\t\t\t<a href=\"https:\/\/tg1860.de\/volleyball\/badehose-einpacken-und-ab-gehts\/\" >\n\t\t\t\t&#8222;Badehose einpacken und ab geht&#8217;s.&#8220;\t\t\t<\/a>\n\t\t<\/h3>\n\t\t\t\t<div class=\"elementor-post__meta-data\">\n\t\t\t\t\t<span class=\"elementor-post-date\">\n\t\t\t2. September 2024\t\t<\/span>\n\t\t\t\t<\/div>\n\t\t\n<p>Zum mittlerweile dritten Mal hie\u00df es erneut: \u201eBadehose einpacken und ab geht\u2019s.\u201c, f\u00fcr die Volleyballjugend des TG 1860 M\u00fcnden e. V. Nach den zwei Freizeitfahrten der Jugendabteilung im Jahr 2022 (Tankumsee bei Gifhorn) und im Jahr 2023 (Steinhuder Meer) ging es dieses Jahr vom 18. bis 21. August erneut zum Steinhuder Meer zur dortigen Jugendherberge. \u201eWir haben einfach keinen anderen Ort in der Region gefunden, der uns so zugesagt hat. Service und M\u00f6glichkeiten f\u00fcr Aktivit\u00e4ten sind dort einfach top.\u201c, konstatierte Tim Kluge (ehemaliger Spieler und Trainer), der \u2013 zusammen mit Lea Ries \u2013 vor drei Jahren das Konzept Freizeitfahrt in der Volleyballabteilung des TG M\u00fcnden ins Leben rief und auch den diesj\u00e4hrigen Ausflug gemeinsam mit Lea Ries (Trainerin und Spielerin) und Amelie Lettau (Spielerin) plante und durchf\u00fchrte.<\/p>\n\n\n\n<figure class=\"wp-block-image size-full\"><img fetchpriority=\"high\" fetchpriority=\"high\" decoding=\"async\" width=\"936\" height=\"702\" src=\"https:\/\/tg1860.de\/volleyball\/wp-content\/uploads\/2024\/09\/TG-Muenden-Freizeit-close.jpg\" alt=\"\" class=\"wp-image-1903\" srcset=\"https:\/\/tg1860.de\/volleyball\/wp-content\/uploads\/2024\/09\/TG-Muenden-Freizeit-close.jpg 936w, https:\/\/tg1860.de\/volleyball\/wp-content\/uploads\/2024\/09\/TG-Muenden-Freizeit-close-300x225.jpg 300w, https:\/\/tg1860.de\/volleyball\/wp-content\/uploads\/2024\/09\/TG-Muenden-Freizeit-close-768x576.jpg 768w\" sizes=\"(max-width: 936px) 100vw, 936px\" \/><\/figure>\n\n\n\n<p>Teilgenommen haben insgesamt 14 Volleyballspieler*innen des TG M\u00fcnden, welche allesamt in ganzj\u00e4hrig aufgebauten Zelten auf dem Gel\u00e4nde der Jugendherberge \u00fcbernachteten. \u201eWir haben die Erfahrung gemacht, dass so eine ganze andere Gruppendynamik entsteht, als bei richtigen Zimmern in einem Geb\u00e4ude.\u201c, sagte Kluge. Zus\u00e4tzlich dazu wurden mehrere Spiele und Aktivit\u00e4ten geplant. Alles mit dem Ziel, den Teamgeist zu st\u00e4rken und eine sch\u00f6ne Zeit zu haben.<\/p>\n\n\n\n<p>So ging es nach diversen Kennenlernspielen und gemeinschaftlichem Grillen am ersten Tag am zweiten Tag f\u00fcr alle Teilnehmenden in den Kletterpark. Dass die Kids hier den Betreuenden Mut zusprechen mussten und nicht andersherum war f\u00fcr alle eine \u00dcberraschung aber auch ein witziges und sch\u00f6nes Erlebnis. Um die gl\u00fchenden H\u00e4nde zu k\u00fchlen wurde nach dem Klettern in ein nahegelegenes Freibad verlegt, ehe der Abend bei einer oder auch mehreren Runden Werwolf zu Ende ging. Der dritte und letzte vollst\u00e4ndige Tag wurde zum gro\u00dfen Teil am direkt am Steinhuder Meer gelegenen Badestrand verbracht, wo \u00fcber mehrere Stunden hinweg ein Beachvolleyballturnier veranstaltet wurde. Bei einem gem\u00fctlichen Pizzaessen im \u201eCamp\u201c neigte sich auch dieser Tag dem Ende, sodass am vierten Tag ersch\u00f6pft aber auch gl\u00fccklich \u00fcber die vergangenen Tage die Heimfahrt angetreten wurde.<\/p>\n\n\n\n<p>\u201eEs lagen mehrere wirklich sehr ereignisreiche Tage mit vielen witzigen und erinnerungstr\u00e4chtigen Momenten hinter uns.\u201c, so Kluge. \u201eAuch dieses Jahr k\u00f6nnen wir nur sagen, dass wir richtig Stolz auf alle Teilnehmenden sind. Wir hatten eine sch\u00f6ne Zeit, an die wir gerne zur\u00fcckdenken werden.\u201c, so Kluge abschlie\u00dfend.<\/p>\n\t\t<\/div>\n\t\t\t\t<\/article>\n\t\t\t\t<\/div>\n\t\t\n\t\t\t\t\t\t<\/div>\n\t\t\t\t<\/div>\n\t\t\t\t<\/div>\n\t\t\t\t<\/div>\n\t\t\t\t<\/div>\n\t\t","protected":false},"excerpt":{"rendered":"<p>TG M\u00dcNDEN VOLLEYBALL Willkommen Wir freuen uns sehr, dass Du den Weg zu uns gefunden hast! Wir, das sind zur Zeit zwei Damen-, zwei Herren- und eine Jugendmannschaft, welche mit Leidenschaft und Spa\u00df am Sport Volleyball spielen. \u201eVolleyball (\u2026) der gegen jede physikalische Vernunft anstinkende Versuch einen simplen, aufgeblasenen Lederfetzen daran zu hindern, den Gesetzen [&hellip;]<\/p>\n","protected":false},"author":5,"featured_media":0,"parent":0,"menu_order":0,"comment_status":"closed","ping_status":"closed","template":"elementor_header_footer","meta":{"footnotes":""},"class_list":["post-1264","page","type-page","status-publish","hentry"],"_links":{"self":[{"href":"https:\/\/tg1860.de\/volleyball\/wp-json\/wp\/v2\/pages\/1264","targetHints":{"allow":["GET"]}}],"collection":[{"href":"https:\/\/tg1860.de\/volleyball\/wp-json\/wp\/v2\/pages"}],"about":[{"href":"https:\/\/tg1860.de\/volleyball\/wp-json\/wp\/v2\/types\/page"}],"author":[{"embeddable":true,"href":"https:\/\/tg1860.de\/volleyball\/wp-json\/wp\/v2\/users\/5"}],"replies":[{"embeddable":true,"href":"https:\/\/tg1860.de\/volleyball\/wp-json\/wp\/v2\/comments?post=1264"}],"version-history":[{"count":247,"href":"https:\/\/tg1860.de\/volleyball\/wp-json\/wp\/v2\/pages\/1264\/revisions"}],"predecessor-version":[{"id":1858,"href":"https:\/\/tg1860.de\/volleyball\/wp-json\/wp\/v2\/pages\/1264\/revisions\/1858"}],"wp:attachment":[{"href":"https:\/\/tg1860.de\/volleyball\/wp-json\/wp\/v2\/media?parent=1264"}],"curies":[{"name":"wp","href":"https:\/\/api.w.org\/{rel}","templated":true}]}}